{"id":122,"date":"2019-08-29T07:22:05","date_gmt":"2019-08-29T07:22:05","guid":{"rendered":"http:\/\/krystalwp.spiraclethemes.com\/demo13\/?page_id=122"},"modified":"2022-11-25T17:31:59","modified_gmt":"2022-11-25T17:31:59","slug":"about","status":"publish","type":"page","link":"http:\/\/www.adwhajduk.pl\/www\/index.php\/about\/","title":{"rendered":"O mnie"},"content":{"rendered":"\t\t<div data-elementor-type=\"wp-post\" data-elementor-id=\"122\" class=\"elementor elementor-122\">\n\t\t\t\t\t\t\t\t\t<section class=\"elementor-section elementor-top-section elementor-element elementor-element-706af11 elementor-section-boxed elementor-section-height-default elementor-section-height-default\" data-id=\"706af11\" data-element_type=\"section\">\n\t\t\t\t\t\t<div class=\"elementor-container elementor-column-gap-default\">\n\t\t\t\t\t<div class=\"elementor-column elementor-col-100 elementor-top-column elementor-element elementor-element-2315c76\" data-id=\"2315c76\" data-element_type=\"column\">\n\t\t\t<div class=\"elementor-widget-wrap elementor-element-populated\">\n\t\t\t\t\t\t\t\t<div class=\"elementor-element elementor-element-ac0da1f elementor-widget elementor-widget-heading\" data-id=\"ac0da1f\" data-element_type=\"widget\" data-widget_type=\"heading.default\">\n\t\t\t\t<div class=\"elementor-widget-container\">\n\t\t\t<style>\/*! elementor - v3.8.1 - 13-11-2022 *\/\n.elementor-heading-title{padding:0;margin:0;line-height:1}.elementor-widget-heading .elementor-heading-title[class*=elementor-size-]>a{color:inherit;font-size:inherit;line-height:inherit}.elementor-widget-heading .elementor-heading-title.elementor-size-small{font-size:15px}.elementor-widget-heading .elementor-heading-title.elementor-size-medium{font-size:19px}.elementor-widget-heading .elementor-heading-title.elementor-size-large{font-size:29px}.elementor-widget-heading .elementor-heading-title.elementor-size-xl{font-size:39px}.elementor-widget-heading .elementor-heading-title.elementor-size-xxl{font-size:59px}<\/style><h2 class=\"elementor-heading-title elementor-size-default\">Kim jestem?<\/h2>\t\t<\/div>\n\t\t\t\t<\/div>\n\t\t\t\t<div class=\"elementor-element elementor-element-820d081 elementor-widget elementor-widget-heading\" data-id=\"820d081\" data-element_type=\"widget\" data-widget_type=\"heading.default\">\n\t\t\t\t<div class=\"elementor-widget-container\">\n\t\t\t<h2 class=\"elementor-heading-title elementor-size-default\">Troch\u0119 o mnie<\/h2>\t\t<\/div>\n\t\t\t\t<\/div>\n\t\t\t\t\t<\/div>\n\t\t<\/div>\n\t\t\t\t\t\t\t<\/div>\n\t\t<\/section>\n\t\t\t\t<section class=\"elementor-section elementor-top-section elementor-element elementor-element-b16575c elementor-section-boxed elementor-section-height-default elementor-section-height-default\" data-id=\"b16575c\" data-element_type=\"section\">\n\t\t\t\t\t\t<div class=\"elementor-container elementor-column-gap-default\">\n\t\t\t\t\t<div class=\"elementor-column elementor-col-100 elementor-top-column elementor-element elementor-element-2bc3bba\" data-id=\"2bc3bba\" data-element_type=\"column\">\n\t\t\t<div class=\"elementor-widget-wrap elementor-element-populated\">\n\t\t\t\t\t\t\t\t<div class=\"elementor-element elementor-element-375bcb5 elementor-widget elementor-widget-text-editor\" data-id=\"375bcb5\" data-element_type=\"widget\" data-widget_type=\"text-editor.default\">\n\t\t\t\t<div class=\"elementor-widget-container\">\n\t\t\t<style>\/*! elementor - v3.8.1 - 13-11-2022 *\/\n.elementor-widget-text-editor.elementor-drop-cap-view-stacked .elementor-drop-cap{background-color:#818a91;color:#fff}.elementor-widget-text-editor.elementor-drop-cap-view-framed .elementor-drop-cap{color:#818a91;border:3px solid;background-color:transparent}.elementor-widget-text-editor:not(.elementor-drop-cap-view-default) .elementor-drop-cap{margin-top:8px}.elementor-widget-text-editor:not(.elementor-drop-cap-view-default) .elementor-drop-cap-letter{width:1em;height:1em}.elementor-widget-text-editor .elementor-drop-cap{float:left;text-align:center;line-height:1;font-size:50px}.elementor-widget-text-editor .elementor-drop-cap-letter{display:inline-block}<\/style>\t\t\t\t<p class=\"MsoNormal\" style=\"text-align: justify;\"><span lang=\"PL\">Pocz\u0105wszy od 2021 roku jestem adwokatem i cz\u0142onkiem Krakowskiej Izby Adwokackiej, jednak ju\u017c wcze\u015bniej zdobywa\u0142<\/span><span lang=\"PT\">em do<\/span><span lang=\"PL\">\u015bwiadczenie w renomowanych krakowskich kancelariach, zajmuj\u0105c si\u0119 mi\u0119dzy innymi bie\u017c\u0105c\u0105 obs\u0142ug\u0105 przedsi\u0119biorc<\/span><span lang=\"ES-TRAD\">\u00f3<\/span><span lang=\"PL\">w, procesami inwestycyjnymi czy z\u0142o\u017conymi transakcjami kapita\u0142owymi. Obcowanie z szerok\u0105 gam\u0105 bran\u017c \u2013 chocia\u017cby budowlan\u0105, farmaceutyczn\u0105, IT czy private equity \u2013 doprowadzi\u0142o mnie do wniosku, \u017ce wraz z ewolucj\u0105 biznesu zmieniaj\u0105 si\u0119 r<\/span><span lang=\"ES-TRAD\">\u00f3<\/span><span lang=\"PL\">wnie\u017c wymagania Klienta wobec adwokata. <\/span><\/p><p class=\"MsoNormal\" style=\"text-align: justify;\"><span lang=\"PL\">W mojej codziennej pracy spotykam si\u0119 bowiem z oczekiwaniem, \u017ce adwokat nie tylko b\u0119dzie zna\u0142 kodeksowe przepisy, ale przede wszystkim pomo\u017ce Klientowi wybra\u0107 optymalne rozwi\u0105zanie, dokona analizy ryzyka z nim zwi\u0105zanego, a w ko\u0144cu ujmie wypracowany pomys\u0142 w ramy prawne. <\/span><\/p><p class=\"MsoNormal\" style=\"text-align: justify;\"><span lang=\"PL\">Tym wymaganiom staram si\u0119 sprosta\u0107 oferuj\u0105c us\u0142ugi oparte na trzech podstawach: elastyczno\u015bci, kreatywno\u015bci i zaanga\u017cowaniu. Swoj\u0105 rol\u0119 \u2013 jako adwokata \u2013 widz\u0119 bowiem nie tylko we wsparciu prawnym Klienta, ale r<\/span><span lang=\"ES-TRAD\">\u00f3<\/span><span lang=\"PL\">wnie\u017c w konsultacji biznesowej i doradztwie transakcyjnym, co wymaga cz\u0119sto wieloaspektowego i nieszablonowego, ale przede wszystkim indywidualnego podej\u015bcia do ka\u017cdej sprawy. <\/span><\/p><p class=\"MsoNormal\" style=\"text-align: justify;\"><span lang=\"PL\">Poza zdobytym do\u015bwiadczeniem praktycznym, podejmuj\u0119 r<\/span><span lang=\"ES-TRAD\">\u00f3<\/span><span lang=\"PL\">wnie\u017c stale dzia\u0142ania maj\u0105ce na celu rozw<\/span><span lang=\"ES-TRAD\">\u00f3<\/span><span lang=\"PL\">j merytoryczny i poszerzanie wiedzy \u2013 jestem absolwentem prawa na Uniwersytecie Jagiello\u0144skim, ale r<\/span><span lang=\"ES-TRAD\">\u00f3<\/span><span lang=\"PL\">wnie\u017c studi<\/span><span lang=\"ES-TRAD\">\u00f3<\/span><span lang=\"PL\">w podyplomowych \u2013 Prawo<\/span><span lang=\"DE\"> W<\/span><span lang=\"PL\">\u0142asno\u015bci intelektualnej (Uniwersytet Jagiello\u0144ski) oraz Prawa Nowych Technologii (Polska Akademia Nauk). Uko\u0144czy\u0142em szereg kurs<\/span><span lang=\"ES-TRAD\">\u00f3<\/span><span lang=\"PL\">w bran\u017cowych, w szczeg<\/span><span lang=\"ES-TRAD\">\u00f3<\/span><span lang=\"PL\">lno\u015bci dotycz\u0105cych szeroko rozumianego sektora IT. Wyst\u0119powa\u0142em tak\u017ce jako prelegent na konferencjach mi\u0119dzynarodowych. <\/span><\/p><p>\u00a0<\/p><p class=\"MsoNormal\" style=\"text-align: justify;\"><span lang=\"PL\">Obs\u0142ug\u0119 prowadz\u0119 w j\u0119zyku polskim i angielskim.\u00a0\u00a0<\/span><\/p>\t\t\t\t\t\t<\/div>\n\t\t\t\t<\/div>\n\t\t\t\t\t<\/div>\n\t\t<\/div>\n\t\t\t\t\t\t\t<\/div>\n\t\t<\/section>\n\t\t\t\t<section class=\"elementor-section elementor-top-section elementor-element elementor-element-87cd6dd elementor-section-boxed elementor-section-height-default elementor-section-height-default\" data-id=\"87cd6dd\" data-element_type=\"section\">\n\t\t\t\t\t\t<div class=\"elementor-container elementor-column-gap-default\">\n\t\t\t\t\t<div class=\"elementor-column elementor-col-100 elementor-top-column elementor-element elementor-element-9206a4c\" data-id=\"9206a4c\" data-element_type=\"column\">\n\t\t\t<div class=\"elementor-widget-wrap elementor-element-populated\">\n\t\t\t\t\t\t\t\t<div class=\"elementor-element elementor-element-d1a44e6 elementor-widget elementor-widget-heading\" data-id=\"d1a44e6\" data-element_type=\"widget\" data-widget_type=\"heading.default\">\n\t\t\t\t<div class=\"elementor-widget-container\">\n\t\t\t<h2 class=\"elementor-heading-title elementor-size-default\">Dodatkowe Informacje<\/h2>\t\t<\/div>\n\t\t\t\t<\/div>\n\t\t\t\t\t<\/div>\n\t\t<\/div>\n\t\t\t\t\t\t\t<\/div>\n\t\t<\/section>\n\t\t\t\t<section class=\"elementor-section elementor-top-section elementor-element elementor-element-af7e64b elementor-section-boxed elementor-section-height-default elementor-section-height-default\" data-id=\"af7e64b\" data-element_type=\"section\">\n\t\t\t\t\t\t<div class=\"elementor-container elementor-column-gap-default\">\n\t\t\t\t\t<div class=\"elementor-column elementor-col-50 elementor-top-column elementor-element elementor-element-f305919\" data-id=\"f305919\" data-element_type=\"column\">\n\t\t\t<div class=\"elementor-widget-wrap elementor-element-populated\">\n\t\t\t\t\t\t\t\t<div class=\"elementor-element elementor-element-9076167 elementor-widget elementor-widget-image\" data-id=\"9076167\" data-element_type=\"widget\" data-widget_type=\"image.default\">\n\t\t\t\t<div class=\"elementor-widget-container\">\n\t\t\t<style>\/*! elementor - v3.8.1 - 13-11-2022 *\/\n.elementor-widget-image{text-align:center}.elementor-widget-image a{display:inline-block}.elementor-widget-image a img[src$=\".svg\"]{width:48px}.elementor-widget-image img{vertical-align:middle;display:inline-block}<\/style>\t\t\t\t\t\t\t\t\t\t\t\t<img loading=\"lazy\" decoding=\"async\" width=\"640\" height=\"706\" src=\"http:\/\/www.adwhajduk.pl\/www\/wp-content\/uploads\/2019\/08\/wesley-tingey-9z9fxr_7Z-k-unsplash-l.jpg\" class=\"attachment-large size-large\" alt=\"\" srcset=\"http:\/\/www.adwhajduk.pl\/www\/wp-content\/uploads\/2019\/08\/wesley-tingey-9z9fxr_7Z-k-unsplash-l.jpg 800w, http:\/\/www.adwhajduk.pl\/www\/wp-content\/uploads\/2019\/08\/wesley-tingey-9z9fxr_7Z-k-unsplash-l-272x300.jpg 272w, http:\/\/www.adwhajduk.pl\/www\/wp-content\/uploads\/2019\/08\/wesley-tingey-9z9fxr_7Z-k-unsplash-l-768x847.jpg 768w\" sizes=\"auto, (max-width: 640px) 100vw, 640px\" \/>\t\t\t\t\t\t\t\t\t\t\t\t\t\t\t<\/div>\n\t\t\t\t<\/div>\n\t\t\t\t\t<\/div>\n\t\t<\/div>\n\t\t\t\t<div class=\"elementor-column elementor-col-50 elementor-top-column elementor-element elementor-element-05fb0ab\" data-id=\"05fb0ab\" data-element_type=\"column\">\n\t\t\t<div class=\"elementor-widget-wrap elementor-element-populated\">\n\t\t\t\t\t\t\t\t<div class=\"elementor-element elementor-element-777ece4 elementor-widget elementor-widget-heading\" data-id=\"777ece4\" data-element_type=\"widget\" data-widget_type=\"heading.default\">\n\t\t\t\t<div class=\"elementor-widget-container\">\n\t\t\t<h2 class=\"elementor-heading-title elementor-size-default\">FAQ<\/h2>\t\t<\/div>\n\t\t\t\t<\/div>\n\t\t\t\t<div class=\"elementor-element elementor-element-6434070 elementor-widget elementor-widget-heading\" data-id=\"6434070\" data-element_type=\"widget\" data-widget_type=\"heading.default\">\n\t\t\t\t<div class=\"elementor-widget-container\">\n\t\t\t<h2 class=\"elementor-heading-title elementor-size-default\">Najcz\u0119\u015bciej zadawane pytania<\/h2>\t\t<\/div>\n\t\t\t\t<\/div>\n\t\t\t\t<div class=\"elementor-element elementor-element-9705100 elementor-widget elementor-widget-accordion\" data-id=\"9705100\" data-element_type=\"widget\" data-widget_type=\"accordion.default\">\n\t\t\t\t<div class=\"elementor-widget-container\">\n\t\t\t<style>\/*! elementor - v3.8.1 - 13-11-2022 *\/\n.elementor-accordion{text-align:left}.elementor-accordion .elementor-accordion-item{border:1px solid #d4d4d4}.elementor-accordion .elementor-accordion-item+.elementor-accordion-item{border-top:none}.elementor-accordion .elementor-tab-title{margin:0;padding:15px 20px;font-weight:700;line-height:1;cursor:pointer;outline:none}.elementor-accordion .elementor-tab-title .elementor-accordion-icon{display:inline-block;width:1.5em}.elementor-accordion .elementor-tab-title .elementor-accordion-icon svg{width:1em;height:1em}.elementor-accordion .elementor-tab-title .elementor-accordion-icon.elementor-accordion-icon-right{float:right;text-align:right}.elementor-accordion .elementor-tab-title .elementor-accordion-icon.elementor-accordion-icon-left{float:left;text-align:left}.elementor-accordion .elementor-tab-title .elementor-accordion-icon .elementor-accordion-icon-closed{display:block}.elementor-accordion .elementor-tab-title .elementor-accordion-icon .elementor-accordion-icon-opened,.elementor-accordion .elementor-tab-title.elementor-active .elementor-accordion-icon-closed{display:none}.elementor-accordion .elementor-tab-title.elementor-active .elementor-accordion-icon-opened{display:block}.elementor-accordion .elementor-tab-content{display:none;padding:15px 20px;border-top:1px solid #d4d4d4}@media (max-width:767px){.elementor-accordion .elementor-tab-title{padding:12px 15px}.elementor-accordion .elementor-tab-title .elementor-accordion-icon{width:1.2em}.elementor-accordion .elementor-tab-content{padding:7px 15px}}.e-con-inner>.elementor-widget-accordion,.e-con>.elementor-widget-accordion{width:var(--container-widget-width,100%)}<\/style>\t\t<div class=\"elementor-accordion\" role=\"tablist\">\n\t\t\t\t\t\t\t<div class=\"elementor-accordion-item\">\n\t\t\t\t\t<div id=\"elementor-tab-title-1581\" class=\"elementor-tab-title\" data-tab=\"1\" role=\"tab\" aria-controls=\"elementor-tab-content-1581\" aria-expanded=\"false\">\n\t\t\t\t\t\t\t\t\t\t\t\t\t<span class=\"elementor-accordion-icon elementor-accordion-icon-left\" aria-hidden=\"true\">\n\t\t\t\t\t\t\t\t\t\t\t\t\t\t\t<span class=\"elementor-accordion-icon-closed\"><i class=\"fas fa-plus\"><\/i><\/span>\n\t\t\t\t\t\t\t\t<span class=\"elementor-accordion-icon-opened\"><i class=\"fas fa-minus\"><\/i><\/span>\n\t\t\t\t\t\t\t\t\t\t\t\t\t\t<\/span>\n\t\t\t\t\t\t\t\t\t\t\t\t<a class=\"elementor-accordion-title\" href=\"\">Jak rozpocz\u0105\u0107 wsp\u00f3\u0142prac\u0119?<\/a>\n\t\t\t\t\t<\/div>\n\t\t\t\t\t<div id=\"elementor-tab-content-1581\" class=\"elementor-tab-content elementor-clearfix\" data-tab=\"1\" role=\"tabpanel\" aria-labelledby=\"elementor-tab-title-1581\"><p>Zapraszam do kontaktu korzystaj\u0105c z formularza w zak\u0142adce kontakt lub bezpo\u015brednio pod adresem kancelaria@adwhajduk.pl.<\/p><\/div>\n\t\t\t\t<\/div>\n\t\t\t\t\t\t\t<div class=\"elementor-accordion-item\">\n\t\t\t\t\t<div id=\"elementor-tab-title-1582\" class=\"elementor-tab-title\" data-tab=\"2\" role=\"tab\" aria-controls=\"elementor-tab-content-1582\" aria-expanded=\"false\">\n\t\t\t\t\t\t\t\t\t\t\t\t\t<span class=\"elementor-accordion-icon elementor-accordion-icon-left\" aria-hidden=\"true\">\n\t\t\t\t\t\t\t\t\t\t\t\t\t\t\t<span class=\"elementor-accordion-icon-closed\"><i class=\"fas fa-plus\"><\/i><\/span>\n\t\t\t\t\t\t\t\t<span class=\"elementor-accordion-icon-opened\"><i class=\"fas fa-minus\"><\/i><\/span>\n\t\t\t\t\t\t\t\t\t\t\t\t\t\t<\/span>\n\t\t\t\t\t\t\t\t\t\t\t\t<a class=\"elementor-accordion-title\" href=\"\">Czy jest mo\u017cliwo\u015b\u0107 spotkania online?<\/a>\n\t\t\t\t\t<\/div>\n\t\t\t\t\t<div id=\"elementor-tab-content-1582\" class=\"elementor-tab-content elementor-clearfix\" data-tab=\"2\" role=\"tabpanel\" aria-labelledby=\"elementor-tab-title-1582\"><p class=\"MsoNormal\" style=\"text-align:justify\"><span lang=\"PL\">Mo\u017cliwe jest zar<\/span><span lang=\"ES-TRAD\">\u00f3<\/span><span lang=\"PL\">wno spotkanie w formie stacjonarnej, jak i\nw formie online.&nbsp;<o:p><\/o:p><\/span><\/p><\/div>\n\t\t\t\t<\/div>\n\t\t\t\t\t\t\t<div class=\"elementor-accordion-item\">\n\t\t\t\t\t<div id=\"elementor-tab-title-1583\" class=\"elementor-tab-title\" data-tab=\"3\" role=\"tab\" aria-controls=\"elementor-tab-content-1583\" aria-expanded=\"false\">\n\t\t\t\t\t\t\t\t\t\t\t\t\t<span class=\"elementor-accordion-icon elementor-accordion-icon-left\" aria-hidden=\"true\">\n\t\t\t\t\t\t\t\t\t\t\t\t\t\t\t<span class=\"elementor-accordion-icon-closed\"><i class=\"fas fa-plus\"><\/i><\/span>\n\t\t\t\t\t\t\t\t<span class=\"elementor-accordion-icon-opened\"><i class=\"fas fa-minus\"><\/i><\/span>\n\t\t\t\t\t\t\t\t\t\t\t\t\t\t<\/span>\n\t\t\t\t\t\t\t\t\t\t\t\t<a class=\"elementor-accordion-title\" href=\"\">Jak przygotowa\u0107 si\u0119 do spotkania?<\/a>\n\t\t\t\t\t<\/div>\n\t\t\t\t\t<div id=\"elementor-tab-content-1583\" class=\"elementor-tab-content elementor-clearfix\" data-tab=\"3\" role=\"tabpanel\" aria-labelledby=\"elementor-tab-title-1583\"><p>Spotkanie nie wymaga od Pa\u0144stwa szczeg\u00f3lnych przygotowa\u0144. Je\u015bli jednak posiadacie Pa\u0144stwo dokumenty zwi\u0105zane ze spraw\u0105, to prosz\u0119 mie\u0107 je ze sob\u0105 na spotkaniu.<\/p><\/div>\n\t\t\t\t<\/div>\n\t\t\t\t\t\t\t<div class=\"elementor-accordion-item\">\n\t\t\t\t\t<div id=\"elementor-tab-title-1584\" class=\"elementor-tab-title\" data-tab=\"4\" role=\"tab\" aria-controls=\"elementor-tab-content-1584\" aria-expanded=\"false\">\n\t\t\t\t\t\t\t\t\t\t\t\t\t<span class=\"elementor-accordion-icon elementor-accordion-icon-left\" aria-hidden=\"true\">\n\t\t\t\t\t\t\t\t\t\t\t\t\t\t\t<span class=\"elementor-accordion-icon-closed\"><i class=\"fas fa-plus\"><\/i><\/span>\n\t\t\t\t\t\t\t\t<span class=\"elementor-accordion-icon-opened\"><i class=\"fas fa-minus\"><\/i><\/span>\n\t\t\t\t\t\t\t\t\t\t\t\t\t\t<\/span>\n\t\t\t\t\t\t\t\t\t\t\t\t<a class=\"elementor-accordion-title\" href=\"\">Jakie s\u0105 zasady wynagrodzenia?<\/a>\n\t\t\t\t\t<\/div>\n\t\t\t\t\t<div id=\"elementor-tab-content-1584\" class=\"elementor-tab-content elementor-clearfix\" data-tab=\"4\" role=\"tabpanel\" aria-labelledby=\"elementor-tab-title-1584\"><p>W praktyce stosuj\u0119 cztery metody rozlicze\u0144 :<\/p><ul><li>Rycza\u0142towe<\/li><li>Godzinowe<\/li><li>Mieszane<\/li><li>Z premi\u0105 za sukces<\/li><\/ul><div>\u00a0<\/div><div><p>Wynagrodzenie ustalane jest indywidualnie z ka\u017cdym Klientem, a jego kalkulacja bierze pod uwag\u0119 stopie\u0144 skomplikowania sprawy oraz czas przeznaczony na pomoc prawn\u0105. Co istotne, wynagrodzenie ustalane jest zawsze przed rozpocz\u0119ciem realizowania us\u0142ugi \u2013 tak, by mieli Pa\u0144stwo pe\u0142n\u0105 pul\u0119 informacji potrzebn\u0105 do oszacowania koszt\u00f3w.<br \/><br \/><\/p><ol><li>Rycza\u0142towe \u2013 stawka za prowadzenie sprawy jest ustalana z g\u00f3ry jako konkretna kwota;<\/li><li>Godzinowe \u2013 ustalana jest stawka za godzin\u0119 (lub inn\u0105 jednostk\u0119 czasu) realizowania us\u0142ugi, kt\u00f3ra nast\u0119pnie mno\u017cona jest przez ilo\u015b\u0107 godzin przeznaczonych na prac\u0119 przy sprawie \u2013 wynagrodzenie jest p\u0142atne po przedstawieniu Klientowi zestawienia wykonanych czynno\u015bci;<\/li><li>Mieszane \u2013 Klientowi przys\u0142uguje pewna pula godzin \u015bwiadczenia us\u0142ug w ramach ustalonego rycza\u0142tu, za\u015b po jej przekroczeniu kolejne czynno\u015bci obj\u0119te zostaj\u0105 stawk\u0105 godzinow\u0105;<\/li><li>Wynagrodzenie z premi\u0105 za sukces \u2013 wynagrodzenie pocz\u0105tkowe jest ni\u017csze, ni\u017c zwyczajowo przyj\u0119te, ale w przypadku osi\u0105gni\u0119cia celu (na przyk\u0142ad uzyskania \u015bwiadczenia pieni\u0119\u017cnego od przeciwnika), Klient dodatkowo uiszcza dodatkowe wynagrodzenie (najcz\u0119\u015bciej procentowe).<\/li><\/ol><\/div><\/div>\n\t\t\t\t<\/div>\n\t\t\t\t\t\t\t\t<\/div>\n\t\t\t\t<\/div>\n\t\t\t\t<\/div>\n\t\t\t\t\t<\/div>\n\t\t<\/div>\n\t\t\t\t\t\t\t<\/div>\n\t\t<\/section>\n\t\t\t\t<section class=\"elementor-section elementor-top-section elementor-element elementor-element-632fc008 elementor-section-boxed elementor-section-height-default elementor-section-height-default\" data-id=\"632fc008\" data-element_type=\"section\">\n\t\t\t\t\t\t<div class=\"elementor-container elementor-column-gap-default\">\n\t\t\t\t\t<div class=\"elementor-column elementor-col-50 elementor-top-column elementor-element elementor-element-6b7c9fdb\" data-id=\"6b7c9fdb\" data-element_type=\"column\">\n\t\t\t<div class=\"elementor-widget-wrap elementor-element-populated\">\n\t\t\t\t\t\t\t\t<div class=\"elementor-element elementor-element-2b2d9c92 elementor-widget elementor-widget-heading\" data-id=\"2b2d9c92\" data-element_type=\"widget\" data-widget_type=\"heading.default\">\n\t\t\t\t<div class=\"elementor-widget-container\">\n\t\t\t<h2 class=\"elementor-heading-title elementor-size-default\">Ch\u0119tnie pomog\u0119.<\/h2>\t\t<\/div>\n\t\t\t\t<\/div>\n\t\t\t\t<div class=\"elementor-element elementor-element-449f3e6e elementor-widget elementor-widget-text-editor\" data-id=\"449f3e6e\" data-element_type=\"widget\" data-widget_type=\"text-editor.default\">\n\t\t\t\t<div class=\"elementor-widget-container\">\n\t\t\t\t\t\t\t<p>Zapraszam do kontaktu.<\/p>\t\t\t\t\t\t<\/div>\n\t\t\t\t<\/div>\n\t\t\t\t\t<\/div>\n\t\t<\/div>\n\t\t\t\t<div class=\"elementor-column elementor-col-50 elementor-top-column elementor-element elementor-element-53b8c7fe\" data-id=\"53b8c7fe\" data-element_type=\"column\">\n\t\t\t<div class=\"elementor-widget-wrap elementor-element-populated\">\n\t\t\t\t\t\t\t\t<div class=\"elementor-element elementor-element-dfe2e7c elementor-align-right elementor-widget elementor-widget-button\" data-id=\"dfe2e7c\" data-element_type=\"widget\" data-widget_type=\"button.default\">\n\t\t\t\t<div class=\"elementor-widget-container\">\n\t\t\t\t\t<div class=\"elementor-button-wrapper\">\n\t\t\t<a href=\"http:\/\/www.adwhajduk.pl\/www\/index.php\/get-free-consultation\/\" class=\"elementor-button-link elementor-button elementor-size-lg\" role=\"button\">\n\t\t\t\t\t\t<span class=\"elementor-button-content-wrapper\">\n\t\t\t\t\t\t<span class=\"elementor-button-text\">Kontakt<\/span>\n\t\t<\/span>\n\t\t\t\t\t<\/a>\n\t\t<\/div>\n\t\t\t\t<\/div>\n\t\t\t\t<\/div>\n\t\t\t\t\t<\/div>\n\t\t<\/div>\n\t\t\t\t\t\t\t<\/div>\n\t\t<\/section>\n\t\t\t\t\t\t\t<\/div>\n\t\t","protected":false},"excerpt":{"rendered":"<p>Kim jestem? Troch\u0119 o mnie Pocz\u0105wszy od 2021 roku jestem adwokatem i cz\u0142onkiem Krakowskiej Izby Adwokackiej, jednak ju\u017c wcze\u015bniej zdobywa\u0142em do\u015bwiadczenie w renomowanych krakowskich kancelariach,&hellip;<\/p>\n","protected":false},"author":1,"featured_media":0,"parent":0,"menu_order":0,"comment_status":"closed","ping_status":"closed","template":"","meta":{"footnotes":""},"class_list":["post-122","page","type-page","status-publish","hentry"],"_links":{"self":[{"href":"http:\/\/www.adwhajduk.pl\/www\/index.php\/wp-json\/wp\/v2\/pages\/122","targetHints":{"allow":["GET"]}}],"collection":[{"href":"http:\/\/www.adwhajduk.pl\/www\/index.php\/wp-json\/wp\/v2\/pages"}],"about":[{"href":"http:\/\/www.adwhajduk.pl\/www\/index.php\/wp-json\/wp\/v2\/types\/page"}],"author":[{"embeddable":true,"href":"http:\/\/www.adwhajduk.pl\/www\/index.php\/wp-json\/wp\/v2\/users\/1"}],"replies":[{"embeddable":true,"href":"http:\/\/www.adwhajduk.pl\/www\/index.php\/wp-json\/wp\/v2\/comments?post=122"}],"version-history":[{"count":23,"href":"http:\/\/www.adwhajduk.pl\/www\/index.php\/wp-json\/wp\/v2\/pages\/122\/revisions"}],"predecessor-version":[{"id":326,"href":"http:\/\/www.adwhajduk.pl\/www\/index.php\/wp-json\/wp\/v2\/pages\/122\/revisions\/326"}],"wp:attachment":[{"href":"http:\/\/www.adwhajduk.pl\/www\/index.php\/wp-json\/wp\/v2\/media?parent=122"}],"curies":[{"name":"wp","href":"https:\/\/api.w.org\/{rel}","templated":true}]}}